{"id":15279,"date":"2017-09-11T10:18:53","date_gmt":"2017-09-11T16:18:53","guid":{"rendered":"http:\/\/www.paradorsanmiguel.com\/e\/suite-cuilapam\/"},"modified":"2024-06-10T17:29:12","modified_gmt":"2024-06-10T23:29:12","slug":"suite-cuilapam","status":"publish","type":"page","link":"https:\/\/www.paradorsanmiguel.com\/e\/suite-cuilapam\/?lang=fr","title":{"rendered":"Suite Cuilapam"},"content":{"rendered":"<div id=\"cmsmasters_row_oizkhn1nq4\" class=\"cmsmasters_row cmsmasters_color_scheme_default cmsmasters_row_top_default cmsmasters_row_bot_default cmsmasters_row_boxed\">\n<div class=\"cmsmasters_row_outer_parent\">\n<div class=\"cmsmasters_row_outer\">\n<div class=\"cmsmasters_row_inner\">\n<div class=\"cmsmasters_row_margin\">\n<div id=\"cmsmasters_column_61yuj4147l\" class=\"cmsmasters_column one_first\">\n<div class=\"cmsmasters_column_inner\"><div id=\"cmsmasters_hover_slider_anv5m391ck\" class=\"cmsmasters_hover_slider\" data-thumb-width=\"100\" data-thumb-height=\"60\" data-active-slide=\"1\" data-pause-time=\"5000\" data-pause-on-hover=\"true\"><ul class=\"cmsmasters_hover_slider_items\">\n<li><figure class=\"cmsmasters_hover_slider_full_img\"><img width=\"860\" height=\"500\" src=\"https:\/\/www.paradorsanmiguel.com\/e\/wp-content\/uploads\/2017\/09\/cuilapam-860x500.jpg\" class=\"attachment-post-thumbnail size-post-thumbnail\" alt=\"\" decoding=\"async\" loading=\"lazy\" \/><\/figure><\/li><li><figure class=\"cmsmasters_hover_slider_full_img\"><img width=\"860\" height=\"500\" src=\"https:\/\/www.paradorsanmiguel.com\/e\/wp-content\/uploads\/2017\/09\/cuilapam1-860x500.jpg\" class=\"attachment-post-thumbnail size-post-thumbnail\" alt=\"\" decoding=\"async\" loading=\"lazy\" \/><\/figure><\/li><li><figure class=\"cmsmasters_hover_slider_full_img\"><img width=\"860\" height=\"500\" src=\"https:\/\/www.paradorsanmiguel.com\/e\/wp-content\/uploads\/2017\/09\/cuilapam2-860x500.jpg\" class=\"attachment-post-thumbnail size-post-thumbnail\" alt=\"\" decoding=\"async\" loading=\"lazy\" \/><\/figure><\/li><li><figure class=\"cmsmasters_hover_slider_full_img\"><img width=\"860\" height=\"500\" src=\"https:\/\/www.paradorsanmiguel.com\/e\/wp-content\/uploads\/2017\/09\/cuilapam3-860x500.jpg\" class=\"attachment-post-thumbnail size-post-thumbnail\" alt=\"\" decoding=\"async\" loading=\"lazy\" \/><\/figure><\/li><li><figure class=\"cmsmasters_hover_slider_full_img\"><img width=\"860\" height=\"500\" src=\"https:\/\/www.paradorsanmiguel.com\/e\/wp-content\/uploads\/2017\/09\/cuilapam4-860x500.jpg\" class=\"attachment-post-thumbnail size-post-thumbnail\" alt=\"\" decoding=\"async\" loading=\"lazy\" \/><\/figure><\/li><li><figure class=\"cmsmasters_hover_slider_full_img\"><img width=\"678\" height=\"500\" src=\"https:\/\/www.paradorsanmiguel.com\/e\/wp-content\/uploads\/2017\/09\/cuilapam5-678x500.jpg\" class=\"attachment-post-thumbnail size-post-thumbnail\" alt=\"\" decoding=\"async\" loading=\"lazy\" \/><\/figure><\/li><\/ul>\n<\/div>\n<\/div><\/div>\n<\/div>\n<\/div>\n<\/div>\n<\/div>\n<\/div>\n<div id=\"cmsmasters_row_athppf4smb\" class=\"cmsmasters_row cmsmasters_color_scheme_default cmsmasters_row_top_default cmsmasters_row_bot_default cmsmasters_row_boxed\">\n<div class=\"cmsmasters_row_outer_parent\">\n<div class=\"cmsmasters_row_outer\">\n<div class=\"cmsmasters_row_inner\">\n<div class=\"cmsmasters_row_margin\">\n<div id=\"cmsmasters_column_ztejlmsjl\" class=\"cmsmasters_column one_fourth\">\n<div class=\"cmsmasters_column_inner\"><div id=\"cmsmasters_icon_funmtn7rzr\" class=\"cmsmasters_icon_wrap\"><span class=\"cmsmasters_simple_icon cmsmasters-icon-custom-air-conditioneng\" data-animation=\"bounceIn\" data-delay=\"0\"><\/span><\/div>\n<\/div><\/div>\n<div id=\"cmsmasters_column_c5k75ygp4s\" class=\"cmsmasters_column one_fourth\">\n<div class=\"cmsmasters_column_inner\"><div id=\"cmsmasters_icon_cl6oxw075d\" class=\"cmsmasters_icon_wrap\"><span class=\"cmsmasters_simple_icon cmsmasters-icon-custom-phone\" data-animation=\"bounceIn\" data-delay=\"0\"><\/span><\/div>\n<\/div><\/div>\n<div id=\"cmsmasters_column_e38k6zpx1n\" class=\"cmsmasters_column one_fourth\">\n<div class=\"cmsmasters_column_inner\"><div id=\"cmsmasters_icon_c7861di2ar\" class=\"cmsmasters_icon_wrap\"><span class=\"cmsmasters_simple_icon cmsmasters-icon-custom-tv\" data-animation=\"bounceIn\" data-delay=\"0\"><\/span><\/div>\n<\/div><\/div>\n<div id=\"cmsmasters_column_t75q52z8mq\" class=\"cmsmasters_column one_fourth\">\n<div class=\"cmsmasters_column_inner\"><div id=\"cmsmasters_icon_sk0yyf1hm\" class=\"cmsmasters_icon_wrap\"><span class=\"cmsmasters_simple_icon cmsmasters-icon-wifi\" data-animation=\"bounceIn\" data-delay=\"0\"><\/span><\/div>\n<\/div><\/div>\n<\/div>\n<\/div>\n<\/div>\n<\/div>\n<\/div>\n<div id=\"cmsmasters_row_a42h715y4l\" class=\"cmsmasters_row cmsmasters_color_scheme_default cmsmasters_row_top_default cmsmasters_row_bot_default cmsmasters_row_boxed\">\n<div class=\"cmsmasters_row_outer_parent\">\n<div class=\"cmsmasters_row_outer\">\n<div class=\"cmsmasters_row_inner\">\n<div class=\"cmsmasters_row_margin\">\n<div id=\"cmsmasters_column_ywym7s5apm\" class=\"cmsmasters_column one_first\">\n<div class=\"cmsmasters_column_inner\"><div class=\"cmsmasters_tabs tabs_mode_tab\">\n<ul class=\"cmsmasters_tabs_list\">\n<li id=\"cmsmasters_tabs_list_item_9eqy71jed6\" class=\"cmsmasters_tabs_list_item current_tab\">\n<a href=\"#\">\n<span>DESCRIPTION<\/span>\n<\/a>\n<\/li><li id=\"cmsmasters_tabs_list_item_pdurihib2\" class=\"cmsmasters_tabs_list_item\">\n<a href=\"#\">\n<span>SERVICES DE CHAMBRE<\/span>\n<\/a>\n<\/li><li id=\"cmsmasters_tabs_list_item_x1bimy2l3\" class=\"cmsmasters_tabs_list_item\">\n<a href=\"#\">\n<span>PRIX<\/span>\n<\/a>\n<\/li><\/ul>\n<div class=\"cmsmasters_tabs_wrap\">\n<div id=\"cmsmasters_tab_9eqy71jed6\" class=\"cmsmasters_tab active_tab\">\n<div class=\"cmsmasters_tab_inner\">\n<p>Il est situ\u00e9 \u00e0 l&rsquo;int\u00e9rieur du b\u00e2timent, au bout d&rsquo;un magnifique hall, au premier \u00e9tage.<\/p>\n<\/div>\n<\/div><div id=\"cmsmasters_tab_pdurihib2\" class=\"cmsmasters_tab\">\n<div class=\"cmsmasters_tab_inner\">\n<ul>\n<li id=\"E923\" class=\"qowt-stl-HTMLconformatoprevio\"><span id=\"E924\" class=\"qowt-font7-CenturyGothic\">Air conditionn\u00e9<\/span><\/li>\n<li id=\"E925\" class=\"qowt-stl-HTMLconformatoprevio\"><span id=\"E926\" class=\"qowt-font7-CenturyGothic\">Ecran plat<\/span><\/li>\n<li id=\"E927\" class=\"qowt-stl-HTMLconformatoprevio\"><span id=\"E928\" class=\"qowt-font7-CenturyGothic\">T\u00e9l\u00e9phone dans la chambre et dans la salle de bain<\/span><\/li>\n<li id=\"E929\" class=\"qowt-stl-HTMLconformatoprevio\"><span id=\"E930\" class=\"qowt-font7-CenturyGothic\">Placard<\/span><\/li>\n<li id=\"E931\" class=\"qowt-stl-HTMLconformatoprevio\"><span id=\"E932\" class=\"qowt-font7-CenturyGothic\">Commode<\/span><\/li>\n<li id=\"E933\" class=\"qowt-stl-HTMLconformatoprevio\"><span id=\"E934\" class=\"qowt-font7-CenturyGothic\">Salle de bain spacieuse avec jacuzzi, produits de luxe et savons faits \u00e0 la main. <\/span><\/li>\n<li id=\"E935\" class=\"qowt-stl-HTMLconformatoprevio\"><span id=\"E936\" class=\"qowt-font7-CenturyGothic\">S\u00e8che-cheveux<\/span><\/li>\n<li id=\"E937\" class=\"qowt-stl-HTMLconformatoprevio\"><span id=\"E938\" class=\"qowt-font7-CenturyGothic\">Bouteille d\u2019eau gratuite<\/span><\/li>\n<li id=\"E939\" class=\"qowt-stl-HTMLconformatoprevio\"><span id=\"E940\" class=\"qowt-font7-CenturyGothic\">Fer et planche <\/span><span id=\"E941\" class=\"qowt-font7-CenturyGothic\">\u00e0<\/span><span id=\"E942\" class=\"qowt-font7-CenturyGothic\"> repasser<\/span><\/li>\n<li id=\"E943\" class=\"qowt-stl-HTMLconformatoprevio\"><span id=\"E944\" class=\"qowt-font7-CenturyGothic\">Internet gratuit<\/span><\/li>\n<li id=\"E945\" class=\"qowt-stl-HTMLconformatoprevio\"><span id=\"E946\" class=\"qowt-font7-CenturyGothic\">Peignoirs<\/span><\/li>\n<li id=\"E947\" class=\"qowt-stl-HTMLconformatoprevio\"><span id=\"E948\" class=\"qowt-font7-CenturyGothic\">Des chaussons<\/span><\/li>\n<li id=\"E949\" class=\"qowt-stl-HTMLconformatoprevio\"><span id=\"E950\" class=\"qowt-font7-CenturyGothic\">Radio r\u00e9veil iPod <\/span><span id=\"E952\" class=\"qowt-font7-CenturyGothic\">docking<\/span><\/li>\n<li id=\"E954\" class=\"qowt-stl-HTMLconformatoprevio\"><span id=\"E955\" class=\"qowt-font7-CenturyGothic\">Canap\u00e9-lit<\/span><\/li>\n<li id=\"E956\" class=\"qowt-stl-HTMLconformatoprevio\"><span id=\"E957\" class=\"qowt-font7-CenturyGothic\">Fauteuil<\/span><\/li>\n<\/ul>\n<\/div>\n<\/div><div id=\"cmsmasters_tab_x1bimy2l3\" class=\"cmsmasters_tab\">\n<div class=\"cmsmasters_tab_inner\">\n<h4 id=\"E961\" class=\"qowt-stl-HTMLconformatoprevio\"><span id=\"E962\" class=\"qowt-font7-CenturyGothic\">Basse saison $3,500.00 pesos par nuit<\/span><\/h4>\n<h4 id=\"E963\" class=\"qowt-stl-HTMLconformatoprevio\"><span id=\"E964\" class=\"qowt-font7-CenturyGothic\">Haute saison $4,650.00 pesos par nuit<\/span><\/h4>\n<\/div>\n<\/div><\/div>\n<\/div>\n<\/div><\/div>\n<\/div>\n<\/div>\n<\/div>\n<\/div>\n<\/div>\n\n","protected":false},"excerpt":{"rendered":"","protected":false},"author":1,"featured_media":0,"parent":0,"menu_order":0,"comment_status":"closed","ping_status":"closed","template":"","meta":[],"_links":{"self":[{"href":"https:\/\/www.paradorsanmiguel.com\/e\/wp-json\/wp\/v2\/pages\/15279\/?lang=fr"}],"collection":[{"href":"https:\/\/www.paradorsanmiguel.com\/e\/wp-json\/wp\/v2\/pages\/?lang=fr"}],"about":[{"href":"https:\/\/www.paradorsanmiguel.com\/e\/wp-json\/wp\/v2\/types\/page\/?lang=fr"}],"author":[{"embeddable":true,"href":"https:\/\/www.paradorsanmiguel.com\/e\/wp-json\/wp\/v2\/users\/1\/?lang=fr"}],"replies":[{"embeddable":true,"href":"https:\/\/www.paradorsanmiguel.com\/e\/wp-json\/wp\/v2\/comments\/?lang=fr&post=15279"}],"version-history":[{"count":4,"href":"https:\/\/www.paradorsanmiguel.com\/e\/wp-json\/wp\/v2\/pages\/15279\/revisions\/?lang=fr"}],"predecessor-version":[{"id":15833,"href":"https:\/\/www.paradorsanmiguel.com\/e\/wp-json\/wp\/v2\/pages\/15279\/revisions\/15833\/?lang=fr"}],"wp:attachment":[{"href":"https:\/\/www.paradorsanmiguel.com\/e\/wp-json\/wp\/v2\/media\/?lang=fr&parent=15279"}],"curies":[{"name":"wp","href":"https:\/\/api.w.org\/{rel}","templated":true}]}}