{"id":15322,"date":"2015-04-16T09:25:17","date_gmt":"2015-04-16T09:25:17","guid":{"rendered":"http:\/\/www.paradorsanmiguel.com\/e\/featured-blocks\/"},"modified":"2023-01-16T14:47:11","modified_gmt":"2023-01-16T20:47:11","slug":"featured-blocks","status":"publish","type":"page","link":"https:\/\/www.paradorsanmiguel.com\/e\/featured-blocks\/?lang=fr","title":{"rendered":"ESCAPADE ROMANTIQUE"},"content":{"rendered":"<div id=\"cmsmasters_row_c6a8dd8551\" class=\"cmsmasters_row cmsmasters_color_scheme_default cmsmasters_row_top_default cmsmasters_row_bot_default cmsmasters_row_boxed\">\n<div class=\"cmsmasters_row_outer_parent\">\n<div class=\"cmsmasters_row_outer\">\n<div class=\"cmsmasters_row_inner\">\n<div class=\"cmsmasters_row_margin\">\n<div id=\"cmsmasters_column_\" class=\"cmsmasters_column one_first\">\n<div class=\"cmsmasters_column_inner\"><div id=\"cmsmasters_fb_e1lj6pdodi\" class=\"cmsmasters_featured_block\">\n<div class=\"featured_block_inner\">\n<div class=\"featured_block_text\">\n<h2 class=\"edgtf-st-title\"><\/h2>\n<p id=\"E1409\"><span id=\"E1410\" class=\"qowt-font7-CenturyGothic\">Une destination sans doute id\u00e9ale pour les amoureux, peut-\u00eatre une demande de mariage, de r\u00e9conciliation, de r\u00e9union &#8230;<\/span><\/p>\n<p id=\"E1411\"><span id=\"E1412\" class=\"qowt-font7-CenturyGothic\">Dans notre h\u00f4tel de charme <\/span><span id=\"E1414\" class=\"qowt-font7-CenturyGothic\">Parador<\/span><span id=\"E1416\" class=\"qowt-font7-CenturyGothic\"> San Miguel Oaxaca, l&rsquo;atmosph\u00e8re est id\u00e9ale pour une escapade parfaite. Personne n&rsquo;est d\u00e9\u00e7u dans cette belle ville de l&rsquo;\u00c9tat d&rsquo;Oaxaca, sans parler de notre charmant h\u00f4tel.<\/span><\/p>\n<p id=\"cmsms_heading_5757ce4780801\" class=\"cmsms_heading\"><span style=\"color: #676a73; font-family: Arial,Helvetica,'Nimbus Sans L',sans-serif; font-size: 13px; line-height: 20px;\">\u00a0<\/span><\/p>\n<\/div>\n<\/div>\n<\/div>\n<\/div><\/div>\n<\/div>\n<\/div>\n<\/div>\n<\/div>\n<\/div>\n<div id=\"cmsmasters_row_0b15982d4a\" class=\"cmsmasters_row cmsmasters_color_scheme_default cmsmasters_row_top_default cmsmasters_row_bot_default cmsmasters_row_boxed\">\n<div class=\"cmsmasters_row_outer_parent\">\n<div class=\"cmsmasters_row_outer\">\n<div class=\"cmsmasters_row_inner\">\n<div class=\"cmsmasters_row_margin\">\n<div id=\"cmsmasters_column_\" class=\"cmsmasters_column one_first\">\n<div class=\"cmsmasters_column_inner\">\n<div id=\"cmsmasters_divider_c4c9a8f5a1\" class=\"cmsmasters_divider cmsmasters_divider_width_long cmsmasters_divider_pos_center\"><\/div>\n<\/div><\/div>\n<\/div>\n<\/div>\n<\/div>\n<\/div>\n<\/div>\n<div id=\"cmsmasters_row_a7b5b97877\" class=\"cmsmasters_row cmsmasters_color_scheme_default cmsmasters_row_top_default cmsmasters_row_bot_default cmsmasters_row_boxed\">\n<div class=\"cmsmasters_row_outer_parent\">\n<div class=\"cmsmasters_row_outer\">\n<div class=\"cmsmasters_row_inner\">\n<div class=\"cmsmasters_row_margin\">\n<div id=\"cmsmasters_column_\" class=\"cmsmasters_column one_third\">\n<div class=\"cmsmasters_column_inner\"><div id=\"cmsmasters_fb_11f5ca422b\" class=\"cmsmasters_featured_block\">\n<div class=\"featured_block_inner\">\n<div class=\"featured_block_text\">\n<h3 class=\"edgtf-iwt-title\">\u00c9SCAPADE ROMANTIQUE<\/h3>\n<p id=\"E1420\"><span id=\"E1421\" class=\"qowt-font7-CenturyGothic\">Deux nuits d&rsquo;h\u00e9bergement en chambre sup\u00e9rieure<\/span><\/p>\n<p id=\"E1422\"><span id=\"E1423\" class=\"qowt-font7-CenturyGothic\">Petit d\u00e9jeuner inclus<\/span><\/p>\n<p id=\"E1424\"><span id=\"E1425\" class=\"qowt-font7-CenturyGothic\">Arrangement de fleurs<\/span><\/p>\n<p id=\"E1426\"><span id=\"E1427\" class=\"qowt-font7-CenturyGothic\">Bouteille de vin national<\/span><\/p>\n<p id=\"E1428\"><span id=\"E1429\" class=\"qowt-font7-CenturyGothic\">10% dans la nourriture et les boissons dans notre restaurant El <\/span><span id=\"E1431\" class=\"qowt-font7-CenturyGothic\">Andariego<\/span><\/p>\n<p id=\"E1433\"><span id=\"E1434\" class=\"qowt-font7-CenturyGothic\">$7315.00 <\/span><span id=\"E1435\" class=\"qowt-font7-CenturyGothic\"> Basse saison<\/span><\/p>\n<p id=\"E1436\"><span id=\"E1437\" class=\"qowt-font7-CenturyGothic\">$9471.00 <\/span><span id=\"E1438\" class=\"qowt-font7-CenturyGothic\"> haute saison<\/span><\/p>\n<\/div>\n<\/div>\n<\/div>\n<\/div><\/div>\n<div id=\"cmsmasters_column_\" class=\"cmsmasters_column one_third\">\n<div class=\"cmsmasters_column_inner\"><div id=\"cmsmasters_fb_218a106595\" class=\"cmsmasters_featured_block\">\n<div class=\"featured_block_inner\">\n<div class=\"featured_block_text\">\n<h3 class=\"edgtf-iwt-title\">LUNE DE MIEL<\/h3>\n<p id=\"E1446\"><span id=\"E1447\" class=\"qowt-font7-CenturyGothic\">Trois jours et deux nuits dans notre belle suite <\/span><span id=\"E1449\" class=\"qowt-font7-CenturyGothic\">Zaachila<\/span><span id=\"E1451\" class=\"qowt-font7-CenturyGothic\"> <\/span><\/p>\n<p id=\"E1452\"><span id=\"E1453\" class=\"qowt-font7-CenturyGothic\">Petit d\u00e9jeuner inclus <\/span><\/p>\n<p id=\"E1454\"><span id=\"E1455\" class=\"qowt-font7-CenturyGothic\">Une nuit\u00e9e lors de votre prochain voyage d&rsquo;anniversaire <\/span><\/p>\n<p id=\"E1456\"><span id=\"E1457\" class=\"qowt-font7-CenturyGothic\">Arrangement floral \u00e0 l&rsquo;arriv\u00e9e dans la chambre. <\/span><\/p>\n<p id=\"E1458\"><span id=\"E1459\" class=\"qowt-font7-CenturyGothic\">Bouteille de vin espagnol p\u00e9tillant dans la chambre \u00e0<\/span><span id=\"E1460\" class=\"qowt-font7-CenturyGothic\"> votre <\/span><span id=\"E1461\" class=\"qowt-font7-CenturyGothic\">arriv\u00e9e <\/span><\/p>\n<p id=\"E1462\"><span id=\"E1463\" class=\"qowt-font7-CenturyGothic\">Robes et pantoufles dans la chambre <\/span><\/p>\n<p id=\"E1465\"><span id=\"E1466\" class=\"qowt-font7-CenturyGothic\">10% dans la nourriture et les boissons dans notre restaurant El <\/span><span id=\"E1468\" class=\"qowt-font7-CenturyGothic\">Andariego<\/span><span id=\"E1470\" class=\"qowt-font7-CenturyGothic\"> <\/span><\/p>\n<p id=\"E1471\"><span id=\"E1472\" class=\"qowt-font7-CenturyGothic\">Chambre d\u00e9cor\u00e9e de fa\u00e7on romantique avec des p\u00e9tales de rose, de l&rsquo;aromath\u00e9rapie et des bougies <\/span><\/p>\n<p id=\"E1473\"><span id=\"E1474\" class=\"qowt-font7-CenturyGothic\">Prix <\/span><span id=\"E1475\" class=\"qowt-font8-Arial\">\u200b\u200b<\/span><span id=\"E1476\" class=\"qowt-font7-CenturyGothic\">par couple<\/span><\/p>\n<p id=\"E1477\"><span id=\"E1478\" class=\"qowt-font7-CenturyGothic\">$17,094.00 <\/span><span id=\"E1479\" class=\"qowt-font7-CenturyGothic\"> basse saison <\/span><\/p>\n<p id=\"E1480\"><span id=\"E1481\" class=\"qowt-font7-CenturyGothic\">$25,564.00 <\/span><span id=\"E1482\" class=\"qowt-font7-CenturyGothic\">Haute saison<\/span><\/p>\n<\/div>\n<\/div>\n<\/div>\n<\/div><\/div>\n<div id=\"cmsmasters_column_\" class=\"cmsmasters_column one_third\">\n<div class=\"cmsmasters_column_inner\"><div id=\"cmsmasters_fb_eef95a6031\" class=\"cmsmasters_featured_block\">\n<div class=\"featured_block_inner\">\n<div class=\"featured_block_text\">\n<h3 class=\"edgtf-iwt-title\">NUIT ROMANTIQUE<\/h3>\n<p id=\"E1488\"><span id=\"E1489\" class=\"qowt-font7-CenturyGothic\">Une nuit d&rsquo;h\u00e9bergement dans une chambre sup\u00e9rieure <\/span><\/p>\n<p id=\"E1490\"><span id=\"E1491\" class=\"qowt-font7-CenturyGothic\">Petit d\u00e9jeuner inclus <\/span><\/p>\n<p id=\"E1492\"><span id=\"E1493\" class=\"qowt-font7-CenturyGothic\">Chambre d\u00e9cor\u00e9e de fa\u00e7on romantique avec des p\u00e9tales de rose, de l&rsquo;aromath\u00e9rapie et des bougies <\/span><\/p>\n<p id=\"E1494\"><span id=\"E1495\" class=\"qowt-font7-CenturyGothic\">Bouteille de vin national <\/span><\/p>\n<p id=\"E1496\"><span id=\"E1497\" class=\"qowt-font7-CenturyGothic\">10% dans la nourriture et les boissons dans notre restaurant El <\/span><span id=\"E1499\" class=\"qowt-font7-CenturyGothic\">Andariego<\/span><\/p>\n<p id=\"E1503\"><span id=\"E1504\" class=\"qowt-font7-CenturyGothic\">$4697<\/span><span id=\"E1505\" class=\"qowt-font7-CenturyGothic\">\u00a0en basse saison <\/span><\/p>\n<p id=\"E1506\"><span id=\"E1507\" class=\"qowt-font7-CenturyGothic\">$5513 en<\/span><span id=\"E1508\" class=\"qowt-font7-CenturyGothic\"> haute saison<\/span><\/p>\n<\/div>\n<\/div>\n<\/div>\n<\/div><\/div>\n<\/div>\n<\/div>\n<\/div>\n<\/div>\n<\/div>\n\n","protected":false},"excerpt":{"rendered":"","protected":false},"author":1,"featured_media":0,"parent":0,"menu_order":0,"comment_status":"closed","ping_status":"open","template":"","meta":[],"_links":{"self":[{"href":"https:\/\/www.paradorsanmiguel.com\/e\/wp-json\/wp\/v2\/pages\/15322\/?lang=fr"}],"collection":[{"href":"https:\/\/www.paradorsanmiguel.com\/e\/wp-json\/wp\/v2\/pages\/?lang=fr"}],"about":[{"href":"https:\/\/www.paradorsanmiguel.com\/e\/wp-json\/wp\/v2\/types\/page\/?lang=fr"}],"author":[{"embeddable":true,"href":"https:\/\/www.paradorsanmiguel.com\/e\/wp-json\/wp\/v2\/users\/1\/?lang=fr"}],"replies":[{"embeddable":true,"href":"https:\/\/www.paradorsanmiguel.com\/e\/wp-json\/wp\/v2\/comments\/?lang=fr&post=15322"}],"version-history":[{"count":3,"href":"https:\/\/www.paradorsanmiguel.com\/e\/wp-json\/wp\/v2\/pages\/15322\/revisions\/?lang=fr"}],"predecessor-version":[{"id":15523,"href":"https:\/\/www.paradorsanmiguel.com\/e\/wp-json\/wp\/v2\/pages\/15322\/revisions\/15523\/?lang=fr"}],"wp:attachment":[{"href":"https:\/\/www.paradorsanmiguel.com\/e\/wp-json\/wp\/v2\/media\/?lang=fr&parent=15322"}],"curies":[{"name":"wp","href":"https:\/\/api.w.org\/{rel}","templated":true}]}}